{"id":76,"date":"2012-03-16T18:32:11","date_gmt":"2012-03-16T18:32:11","guid":{"rendered":"http:\/\/sommerschule.org\/site\/?page_id=76"},"modified":"2015-10-11T12:35:05","modified_gmt":"2015-10-11T12:35:05","slug":"kontakt","status":"publish","type":"page","link":"https:\/\/sommerschule.org\/site\/kontakt\/","title":{"rendered":"Kontakt"},"content":{"rendered":"<h2>Kontakt<\/h2>\n<p>V.i.S.d.P.: Hubertus Leo<br \/>\nHamburger Sommerschule e.V.<br \/>\nArnold-Heise-Stra\u00dfe 25<br \/>\n20249 Hamburg<\/p>\n<p>E-Mail: vorstand@sommerschule.org<\/p>\n<p>Vereinsregister: Amtsgericht Hamburg, Nr. VR 20960<\/p>\n<h2>Mitarbeit im Team?<\/h2>\n<p>Haben Sie Interesse, als Betreuer aktiv im Sommercamp mitzuwirken? Wir suchen fr\u00f6hliche, kinderliebe Betreuer mit p\u00e4dagogischem Hintergrund, zum Beispiel Lehramtsstudenten und -referendare, Erzieher und Sonderp\u00e4dagogen. Ansprechpartnerin ist unser Vorstandsmitglied <a href=\"mailto:sasse@sommerschule.org\" target=\"_blank\">Julia Sasse<\/a>.<\/p>\n","protected":false},"excerpt":{"rendered":"<p>Kontakt V.i.S.d.P.: Hubertus Leo Hamburger Sommerschule e.V. Arnold-Heise-Stra\u00dfe 25 20249 Hamburg E-Mail: vorstand@sommerschule.org Vereinsregister: Amtsgericht Hamburg, Nr. VR 20960 Mitarbeit im Team? Haben Sie Interesse, als Betreuer aktiv im Sommercamp mitzuwirken? Wir suchen fr\u00f6hliche, kinderliebe Betreuer mit p\u00e4dagogischem Hintergrund, zum Beispiel Lehramtsstudenten und -referendare, Erzieher und Sonderp\u00e4dagogen. Ansprechpartnerin ist unser Vorstandsmitglied Julia Sasse.<\/p>\n","protected":false},"author":1,"featured_media":0,"parent":0,"menu_order":9,"comment_status":"closed","ping_status":"closed","template":"","meta":{"footnotes":""},"class_list":["post-76","page","type-page","status-publish","hentry"],"_links":{"self":[{"href":"https:\/\/sommerschule.org\/site\/wp-json\/wp\/v2\/pages\/76","targetHints":{"allow":["GET"]}}],"collection":[{"href":"https:\/\/sommerschule.org\/site\/wp-json\/wp\/v2\/pages"}],"about":[{"href":"https:\/\/sommerschule.org\/site\/wp-json\/wp\/v2\/types\/page"}],"author":[{"embeddable":true,"href":"https:\/\/sommerschule.org\/site\/wp-json\/wp\/v2\/users\/1"}],"replies":[{"embeddable":true,"href":"https:\/\/sommerschule.org\/site\/wp-json\/wp\/v2\/comments?post=76"}],"version-history":[{"count":12,"href":"https:\/\/sommerschule.org\/site\/wp-json\/wp\/v2\/pages\/76\/revisions"}],"predecessor-version":[{"id":1924,"href":"https:\/\/sommerschule.org\/site\/wp-json\/wp\/v2\/pages\/76\/revisions\/1924"}],"wp:attachment":[{"href":"https:\/\/sommerschule.org\/site\/wp-json\/wp\/v2\/media?parent=76"}],"curies":[{"name":"wp","href":"https:\/\/api.w.org\/{rel}","templated":true}]}}