{"id":74,"date":"2012-03-16T18:30:47","date_gmt":"2012-03-16T18:30:47","guid":{"rendered":"http:\/\/sommerschule.org\/site\/?page_id=74"},"modified":"2024-06-23T08:57:58","modified_gmt":"2024-06-23T08:57:58","slug":"spenden","status":"publish","type":"page","link":"https:\/\/sommerschule.org\/site\/spenden\/","title":{"rendered":"Spenden"},"content":{"rendered":"<h2>IHR BEITRAG BRINGT KINDER GROSS RAUS &#8211; SPENDEN SIE JETZT F\u00dcR DAS SOMMERCAMP!<\/h2>\n<p>Der Verein Hamburger Sommerschule m\u00f6chte in Zukunft noch mehr M\u00e4dchen und Jungen aus Hamburger Grundschulen die kostenlose Teilnahme an den erlebnis- und lehrreichen Ferienwochen im Sommercamp erm\u00f6glichen. Helfen Sie uns dabei, das Sommercamp zu einem unvergesslichen Ereignis f\u00fcr diese Kinder zu machen. Spendenkonto:<\/p>\n<p style=\"text-align: center;\"><strong>Inhaber: Hamburger Sommerschule e.V.<br \/>\nIBAN: DE96 2007 0024 0032 2206 00<br \/>\nDeutsche Bank Hamburg<br \/>\nBIC: DEUTDEDBHAM <\/strong><\/p>\n<p>Ihre Spende an den als gemeinn\u00fctzig anerkannten Verein Hamburger Sommerschule e.V. ist steuerlich abzugsf\u00e4hig. Wir schicken Ihnen sp\u00e4testens im folgenden Kalenderjahr eine Spendenbescheinigung, wenn Sie zu diesem Zweck Ihren Namen und Ihre Adresse bei der \u00dcberweisung angeben.<\/p>\n","protected":false},"excerpt":{"rendered":"<p>IHR BEITRAG BRINGT KINDER GROSS RAUS &#8211; SPENDEN SIE JETZT F\u00dcR DAS SOMMERCAMP! Der Verein Hamburger Sommerschule m\u00f6chte in Zukunft noch mehr M\u00e4dchen und Jungen aus Hamburger Grundschulen die kostenlose Teilnahme an den erlebnis- und lehrreichen Ferienwochen im Sommercamp erm\u00f6glichen. Helfen Sie uns dabei, das Sommercamp zu einem unvergesslichen Ereignis f\u00fcr diese Kinder zu machen&#8230;.  <a href=\"https:\/\/sommerschule.org\/site\/spenden\/\" title=\"Read Spenden\">Read more &raquo;<\/a><\/p>\n","protected":false},"author":1,"featured_media":0,"parent":0,"menu_order":8,"comment_status":"closed","ping_status":"closed","template":"","meta":{"footnotes":""},"class_list":["post-74","page","type-page","status-publish","hentry"],"_links":{"self":[{"href":"https:\/\/sommerschule.org\/site\/wp-json\/wp\/v2\/pages\/74","targetHints":{"allow":["GET"]}}],"collection":[{"href":"https:\/\/sommerschule.org\/site\/wp-json\/wp\/v2\/pages"}],"about":[{"href":"https:\/\/sommerschule.org\/site\/wp-json\/wp\/v2\/types\/page"}],"author":[{"embeddable":true,"href":"https:\/\/sommerschule.org\/site\/wp-json\/wp\/v2\/users\/1"}],"replies":[{"embeddable":true,"href":"https:\/\/sommerschule.org\/site\/wp-json\/wp\/v2\/comments?post=74"}],"version-history":[{"count":34,"href":"https:\/\/sommerschule.org\/site\/wp-json\/wp\/v2\/pages\/74\/revisions"}],"predecessor-version":[{"id":3270,"href":"https:\/\/sommerschule.org\/site\/wp-json\/wp\/v2\/pages\/74\/revisions\/3270"}],"wp:attachment":[{"href":"https:\/\/sommerschule.org\/site\/wp-json\/wp\/v2\/media?parent=74"}],"curies":[{"name":"wp","href":"https:\/\/api.w.org\/{rel}","templated":true}]}}