{"id":70,"date":"2012-03-16T18:28:12","date_gmt":"2012-03-16T18:28:12","guid":{"rendered":"http:\/\/sommerschule.org\/site\/?page_id=70"},"modified":"2025-02-02T17:04:39","modified_gmt":"2025-02-02T17:04:39","slug":"aufnahmeantrag","status":"publish","type":"page","link":"https:\/\/sommerschule.org\/site\/verein\/aufnahmeantrag\/","title":{"rendered":"Aufnahmeantrag"},"content":{"rendered":"<h2>Werden Sie Mitglied im Verein Hamburger Sommerschule!<\/h2>\n<p>Wollen Sie das Projekt durch Beitritt zum &#8211; gemeinn\u00fctzigen &#8211; Verein Hamburger Sommerschule e.V. unterst\u00fctzen? Der Mitgliedsbeitrag betr\u00e4gt zurzeit 50 Euro j\u00e4hrlich. Sie erhalten gern eine Zuwendungsbescheinigung zur Vorlage beim Finanzamt.<\/p>\n<p>Hier finden Sie den Aufnahmeantrag in den Formaten <a href=\"https:\/\/sommerschule.org\/site\/wp-content\/uploads\/2025\/02\/Aufnahmeantrag-2023.docx\" target=\"_blank\" rel=\"noopener\">Word<\/a> und <a href=\"https:\/\/sommerschule.org\/site\/wp-content\/uploads\/2025\/02\/Aufnahmeantrag-2023.pdf\" target=\"_blank\" rel=\"noopener\">PDF<\/a>. Sie erleichtern unsere Arbeit, wenn Sie uns eine Einzugserm\u00e4chtigung erteilen (siehe Aufnahmeantrag).<\/p>\n","protected":false},"excerpt":{"rendered":"<p>Werden Sie Mitglied im Verein Hamburger Sommerschule! Wollen Sie das Projekt durch Beitritt zum &#8211; gemeinn\u00fctzigen &#8211; Verein Hamburger Sommerschule e.V. unterst\u00fctzen? Der Mitgliedsbeitrag betr\u00e4gt zurzeit 50 Euro j\u00e4hrlich. Sie erhalten gern eine Zuwendungsbescheinigung zur Vorlage beim Finanzamt. Hier finden Sie den Aufnahmeantrag in den Formaten Word und PDF. Sie erleichtern unsere Arbeit, wenn Sie&#8230;  <a href=\"https:\/\/sommerschule.org\/site\/verein\/aufnahmeantrag\/\" title=\"Read Aufnahmeantrag\">Read more &raquo;<\/a><\/p>\n","protected":false},"author":1,"featured_media":0,"parent":59,"menu_order":0,"comment_status":"closed","ping_status":"closed","template":"","meta":{"footnotes":""},"class_list":["post-70","page","type-page","status-publish","hentry"],"_links":{"self":[{"href":"https:\/\/sommerschule.org\/site\/wp-json\/wp\/v2\/pages\/70","targetHints":{"allow":["GET"]}}],"collection":[{"href":"https:\/\/sommerschule.org\/site\/wp-json\/wp\/v2\/pages"}],"about":[{"href":"https:\/\/sommerschule.org\/site\/wp-json\/wp\/v2\/types\/page"}],"author":[{"embeddable":true,"href":"https:\/\/sommerschule.org\/site\/wp-json\/wp\/v2\/users\/1"}],"replies":[{"embeddable":true,"href":"https:\/\/sommerschule.org\/site\/wp-json\/wp\/v2\/comments?post=70"}],"version-history":[{"count":13,"href":"https:\/\/sommerschule.org\/site\/wp-json\/wp\/v2\/pages\/70\/revisions"}],"predecessor-version":[{"id":3292,"href":"https:\/\/sommerschule.org\/site\/wp-json\/wp\/v2\/pages\/70\/revisions\/3292"}],"up":[{"embeddable":true,"href":"https:\/\/sommerschule.org\/site\/wp-json\/wp\/v2\/pages\/59"}],"wp:attachment":[{"href":"https:\/\/sommerschule.org\/site\/wp-json\/wp\/v2\/media?parent=70"}],"curies":[{"name":"wp","href":"https:\/\/api.w.org\/{rel}","templated":true}]}}