{"id":64,"date":"2012-03-16T18:24:02","date_gmt":"2012-03-16T18:24:02","guid":{"rendered":"http:\/\/sommerschule.org\/site\/?page_id=64"},"modified":"2025-05-15T13:37:35","modified_gmt":"2025-05-15T13:37:35","slug":"vorstand","status":"publish","type":"page","link":"https:\/\/sommerschule.org\/site\/verein\/vorstand\/","title":{"rendered":"Vorstand"},"content":{"rendered":"<h2>Der Vorstand der Hamburger Sommerschule e.V.<\/h2>\n<p>Der Vorstand besteht zurzeit (in alphabetischer Reihenfolge) aus:<\/p>\n<ul>\n<li style=\"text-align: left;\">Carsten Deecke (Schatzmeister)<\/li>\n<li style=\"text-align: left;\">Andy Groos (Beisitzerin)<\/li>\n<li style=\"text-align: left;\">Michaela Kolberg (Vizepr\u00e4sidentin und Schriftf\u00fchrerin)<\/li>\n<li style=\"text-align: left;\">Hubertus Leo (Pr\u00e4sident)<\/li>\n<\/ul>\n","protected":false},"excerpt":{"rendered":"<p>Der Vorstand der Hamburger Sommerschule e.V. Der Vorstand besteht zurzeit (in alphabetischer Reihenfolge) aus: Carsten Deecke (Schatzmeister) Andy Groos (Beisitzerin) Michaela Kolberg (Vizepr\u00e4sidentin und Schriftf\u00fchrerin) Hubertus Leo (Pr\u00e4sident)<\/p>\n","protected":false},"author":1,"featured_media":0,"parent":59,"menu_order":0,"comment_status":"closed","ping_status":"closed","template":"","meta":{"footnotes":""},"class_list":["post-64","page","type-page","status-publish","hentry"],"_links":{"self":[{"href":"https:\/\/sommerschule.org\/site\/wp-json\/wp\/v2\/pages\/64","targetHints":{"allow":["GET"]}}],"collection":[{"href":"https:\/\/sommerschule.org\/site\/wp-json\/wp\/v2\/pages"}],"about":[{"href":"https:\/\/sommerschule.org\/site\/wp-json\/wp\/v2\/types\/page"}],"author":[{"embeddable":true,"href":"https:\/\/sommerschule.org\/site\/wp-json\/wp\/v2\/users\/1"}],"replies":[{"embeddable":true,"href":"https:\/\/sommerschule.org\/site\/wp-json\/wp\/v2\/comments?post=64"}],"version-history":[{"count":19,"href":"https:\/\/sommerschule.org\/site\/wp-json\/wp\/v2\/pages\/64\/revisions"}],"predecessor-version":[{"id":3296,"href":"https:\/\/sommerschule.org\/site\/wp-json\/wp\/v2\/pages\/64\/revisions\/3296"}],"up":[{"embeddable":true,"href":"https:\/\/sommerschule.org\/site\/wp-json\/wp\/v2\/pages\/59"}],"wp:attachment":[{"href":"https:\/\/sommerschule.org\/site\/wp-json\/wp\/v2\/media?parent=64"}],"curies":[{"name":"wp","href":"https:\/\/api.w.org\/{rel}","templated":true}]}}