{"id":5,"date":"2012-03-16T14:10:13","date_gmt":"2012-03-16T14:10:13","guid":{"rendered":"http:\/\/sommerschule.org\/site\/?page_id=5"},"modified":"2026-02-19T16:38:20","modified_gmt":"2026-02-19T16:38:20","slug":"home","status":"publish","type":"page","link":"https:\/\/sommerschule.org\/site\/","title":{"rendered":"Home"},"content":{"rendered":"<a href=\"http:\/\/sommerschule.org\/site\/wp-content\/uploads\/2012\/03\/foto-home-20131.jpg\" rel=\"lightbox[5]\"><img loading=\"lazy\" decoding=\"async\" class=\"alignnone size-full wp-image-821\" title=\"foto-home-2013\" src=\"http:\/\/sommerschule.org\/site\/wp-content\/uploads\/2012\/03\/foto-home-20131.jpg\" alt=\"foto-home-2013\" width=\"650\" height=\"392\" srcset=\"https:\/\/sommerschule.org\/site\/wp-content\/uploads\/2012\/03\/foto-home-20131.jpg 650w, https:\/\/sommerschule.org\/site\/wp-content\/uploads\/2012\/03\/foto-home-20131-300x180.jpg 300w\" sizes=\"auto, (max-width: 650px) 100vw, 650px\" \/><\/a>\n<h2>Wer kommt mit ins Sommercamp?<\/h2>\n<p><strong>Liebe Eltern, liebe Kinder,<\/strong><\/p>\n<p>herzlich willkommen auf den Seiten der Hamburger Sommerschule!<\/p>\n<h5>Was bieten wir an?<\/h5>\n<p>Der Verein veranstaltet seit 2012 in den Ferien Sommercamps f\u00fcr Jungen und M\u00e4dchen aus Hamburger Grundschulen. In der Regel finden vier einw\u00f6chige <a href=\"https:\/\/sommerschule.org\/site\/sommercamp\/\">Sommercamps<\/a> in den gro\u00dfen Ferien sowie zus\u00e4tzlich ein ebenfalls einw\u00f6chiges <a href=\"https:\/\/sommerschule.org\/site\/sommercamp\/herbstcamp\/\">Herbstcamp<\/a> in den Herbstferien im sch\u00f6nen Waldschulheim in Gl\u00fccksburg statt. Das Programm ist abwechslungsreich und verbindet Spa\u00df, Spielen, Bewegung und Lernen. In Gl\u00fccksburg finden die Kinder neue Freunde, entdecken die Natur, lernen spielerisch Deutsch und trainieren artistische und akrobatische Kunstst\u00fccke f\u00fcr eine Zirkusshow. Wer neugierig ist, was genau in unseren Sommercamps passiert, sollte sich diesen <a href=\"https:\/\/www.ndr.de\/fernsehen\/sendungen\/hamburg_journal\/hamburger-sommerschule-ostsee-sommercamp-in-gluecksburg,hamj-2268.html\" target=\"_blank\" rel=\"noopener\">Beitrag des NDR<\/a> vom 17. August 2025 ansehen. Und was die Kinder selbst sowie ihre Lehrer zu unserem Angebot sagen, ist <a href=\"https:\/\/sommerschule.org\/site\/presse\/\">hier<\/a> zu sehen.<\/p>\n<h5>Wer kann mitkommen?<\/h5>\n<p>Unser Angebot richtet sich an Sch\u00fclerinnen und Sch\u00fcler aus den zweiten Klassen unserer <a href=\"https:\/\/sommerschule.org\/site\/sommercamp\/partnerschulen\/\">Partnerschulen<\/a>, die entweder besonderen Sprachf\u00f6rderbedarf haben oder deren Eltern sich aus finanziellen Gr\u00fcnden keine Ferienreise leisten k\u00f6nnen. Bis Ende 2025 haben 1.331 Sch\u00fclerinnen und Sch\u00fcler an unserem Programm teilgenommen.<\/p>\n<h5>Warum ist unser Angebot wichtig?<\/h5>\n<p>Dass unser Angebot &#8211; leider &#8211; notwendig ist, belegen alle wissenschaftlichen Studien: Laut <a href=\"https:\/\/ifs.ep.tu-dortmund.de\/forschung\/projekte-am-ifs\/abgeschlossene-projekte\/ifs-schulpanelstudie\/\" target=\"_blank\" rel=\"noopener noreferrer\">IFS-Schulpanelstudie 2021<\/a> fehlte den Viertkl\u00e4sslern 2021 im Vergleich zu 2016 rund ein halbes Lernjahr, ist der Anteil der Kinder, die die Mindeststandards verfehlen, teilweise deutlich gestiegen und haben sich die sozialen und zuwanderungsbezogenen Disparit\u00e4ten verst\u00e4rkt. Die 2023 ver\u00f6ffentlichte <a href=\"https:\/\/ifs.ep.tu-dortmund.de\/forschung\/projekte-am-ifs\/iglu-2021\/\" target=\"_blank\" rel=\"noopener\">Internationale Grundschul-Lese-Untersuchung (IGLU) 2021<\/a> zeigt sogar, dass die mittlere Lesekompetenz in Deutschland seit 2001 deutlich gesunken ist: rund ein Viertel der Grundsch\u00fcler in Deutschland erreicht nach internationalem Standard keine ausreichende Lesekompetenz. Der <a href=\"https:\/\/www.bmftr.bund.de\/SharedDocs\/Downloads\/DE\/2024\/biber_2024.html?nn=916334\" target=\"_blank\" rel=\"noopener\">Nationale Bildungsbericht 2024<\/a> stellt zus\u00e4tzlich fest: Trotz st\u00e4ndig steigender Ausgaben f\u00fcr die Bildung (\u20ac 264 Mrd. im Jahr 2022) verlassen immer mehr Jugendliche die allgemeinbildenden Schulen ohne Abschluss (6,9% im Jahr 2022).<\/p>\n<h5>Wer bezahlt das alles?<\/h5>\n<p>Finanziert oder auf andere Weise gef\u00f6rdert wird unser Programm von vielen gro\u00dfz\u00fcgigen Spendern, den Mitgliedern unseres Vereins und anderen <a title=\"F\u00f6rderer\" href=\"http:\/\/sommerschule.org\/site\/verein\/forderer\/\">F\u00f6rderern<\/a>.<\/p>\n<p>Auf den folgenden Seiten finden Sie weitere Informationen zu den Sommer- und Herbstcamps sowie unserem Verein.<\/p>\n<p>Herzliche Gr\u00fc\u00dfe<\/p>\n<p>Der <a href=\"https:\/\/sommerschule.org\/site\/verein\/vorstand\/\">Vorstand<\/a><\/p>\n","protected":false},"excerpt":{"rendered":"<p>Wer kommt mit ins Sommercamp? Liebe Eltern, liebe Kinder, herzlich willkommen auf den Seiten der Hamburger Sommerschule! Was bieten wir an? Der Verein veranstaltet seit 2012 in den Ferien Sommercamps f\u00fcr Jungen und M\u00e4dchen aus Hamburger Grundschulen. In der Regel finden vier einw\u00f6chige Sommercamps in den gro\u00dfen Ferien sowie zus\u00e4tzlich ein ebenfalls einw\u00f6chiges Herbstcamp in&#8230;  <a href=\"https:\/\/sommerschule.org\/site\/\" title=\"Read Home\">Read more &raquo;<\/a><\/p>\n","protected":false},"author":1,"featured_media":0,"parent":0,"menu_order":0,"comment_status":"closed","ping_status":"closed","template":"","meta":{"footnotes":""},"class_list":["post-5","page","type-page","status-publish","hentry"],"_links":{"self":[{"href":"https:\/\/sommerschule.org\/site\/wp-json\/wp\/v2\/pages\/5","targetHints":{"allow":["GET"]}}],"collection":[{"href":"https:\/\/sommerschule.org\/site\/wp-json\/wp\/v2\/pages"}],"about":[{"href":"https:\/\/sommerschule.org\/site\/wp-json\/wp\/v2\/types\/page"}],"author":[{"embeddable":true,"href":"https:\/\/sommerschule.org\/site\/wp-json\/wp\/v2\/users\/1"}],"replies":[{"embeddable":true,"href":"https:\/\/sommerschule.org\/site\/wp-json\/wp\/v2\/comments?post=5"}],"version-history":[{"count":150,"href":"https:\/\/sommerschule.org\/site\/wp-json\/wp\/v2\/pages\/5\/revisions"}],"predecessor-version":[{"id":3343,"href":"https:\/\/sommerschule.org\/site\/wp-json\/wp\/v2\/pages\/5\/revisions\/3343"}],"wp:attachment":[{"href":"https:\/\/sommerschule.org\/site\/wp-json\/wp\/v2\/media?parent=5"}],"curies":[{"name":"wp","href":"https:\/\/api.w.org\/{rel}","templated":true}]}}