{"id":2985,"date":"2020-01-23T13:36:32","date_gmt":"2020-01-23T13:36:32","guid":{"rendered":"http:\/\/sommerschule.org\/site\/?page_id=2985"},"modified":"2020-01-23T13:47:03","modified_gmt":"2020-01-23T13:47:03","slug":"datenschutzhinweise","status":"publish","type":"page","link":"https:\/\/sommerschule.org\/site\/verein\/datenschutzhinweise\/","title":{"rendered":"Datenschutzhinweise"},"content":{"rendered":"<h2>Datenschutzhinweise des Vereins Hamburger Sommerschule e.V.<\/h2>\n<p>Diese Datenschutzhinweise gelten f\u00fcr die Verarbeitung personenbezogener Daten von Teilnehmern der Sommercamps und anderer Veranstaltungen der Hamburger Sommerschule e.V. (der\u00a0 &#8222;<strong>Verein<\/strong>&#8222;), von Betreuern und anderen Mitarbeitern des Vereins von Mitgliedern des Vereins sowie von Besuchern dieser Website.<\/p>\n<h4>1. Verantwortlicher gem\u00e4\u00df Art. 4 Abs. 7 DSGVO<\/h4>\n<p>Verantwortlich f\u00fcr die Verarbeitung Ihrer personenbezogenen Daten im Sinne der EU-Datenschutzgrundverordnung (nachstehend &#8222;<strong>DSGVO<\/strong>\u201c) ist die Hamburger Sommerschule e.V., c\/o Leo, Arnold-Heise-Stra\u00dfe 25, 20249 Hamburg, Deutschland, E-Mail: leo@sommerschule.org, Telefon: +49 (40) 464610.<\/p>\n<h4>2. Datenschutzbeauftragter<\/h4>\n<p>Der Verein ist zurzeit nicht verpflichtet, einen Datenschutzbeauftragten zu bestellen, und hat keinen bestellt.<\/p>\n<h4>3. Verarbeitung Ihrer personenbezogenen Daten (Art und Zweck, Rechtsgrundlagen)<\/h4>\n<p>Welche Daten der Verein erhebt und speichert, h\u00e4ngt davon ab, in welchem Verh\u00e4ltnis Sie mit uns Kontakt aufnehmen:<\/p>\n<ol>\n<li>Wenn Sie ein <strong>Kind<\/strong> zu einem unserer Sommercamps oder einer unserer sonstigen Veranstaltungen anmelden, erheben und speichert der Verein von Ihnen: Vor- und Nachnamen von Ihnen und dem Kind, Anschrift, E-Mail-Adresse, Telefon- und Faxnummern und gegebenenfalls sonstige personenbezogene Daten von Ihnen und dem Kind, die f\u00fcr die Planung und Durchf\u00fchrung der jeweiligen Veranstaltung erforderlich sind. Wir erheben und speichern diese personenbezogenen Daten vor allem, um Sie und Ihr Kind im Camp angemessen betreuen zu k\u00f6nnen, sowie zur Kommunikation mit Ihnen, z.B. zur Absprache eines Abfahrts- oder R\u00fcckkehrtermine. Die Rechtsgrundlage der Datenverarbeitung ist Art. 6 Abs. 1 S. 1 lit. b) DSGVO, sofern die Verarbeitung Ihrer personenbezogenen Daten zur Erf\u00fcllung des Vertrags \u00fcber die Teilnahme Ihres Kindes an der Veranstaltung zwischen Ihnen und uns oder zur Durchf\u00fchrung vorvertraglicher Ma\u00dfnahmen, die auf Ihre Anfrage erfolgen, erforderlich ist. Weitere Rechtsgrundlage der Datenverarbeitung ist Art. 6 Abs. 1 S. 1 lit. f) DSGVO, sofern die Verarbeitung Ihrer personenbezogenen Daten zur Wahrung eines berechtigten Interesses des Vereins oder eines Dritten erforderlich ist und Ihre Interessen oder Grundrechte und Grundfreiheiten dieses Interesse nicht \u00fcberwiegen. Rechtsgrundlage der Datenverarbeitung ist au\u00dferdem Art. 6 Abs. 1 S. 1 lit. c) DSGVO, sofern die Datenverarbeitung zur Erf\u00fcllung einer rechtlichen Verpflichtung vorgeschrieben ist, der der Verein unterliegt.<\/li>\n<li>Von jedem <strong>Vereinsmitglied<\/strong> erhebt und speichert der Verein: Vor- und Nachnamen, Anschrift, E-Mail-Adresse, Telefon- und Faxnummern, Bankverbindung und gegebenenfalls sonstige personenbezogene Daten, die f\u00fcr die Mitgliedschaft erforderlich sind. Wir erheben und speichern diese personenbezogenen Daten vor allem zur Kommunikation \u00fcber Mitgliederversammlungen und Berichte des Vorstands sowie den Einzug der Mitgliedsbeitr\u00e4ge und die Ausstellung von Zuwendungsbescheinigungen. Die Rechtsgrundlage der Datenverarbeitung ist Art. 6 Abs. 1 S. 1 lit. b) DSGVO, sofern die Verarbeitung Ihrer personenbezogenen Daten zur Erf\u00fcllung der Verpflichtungen des Vereins aus der Mitgliedschaft erforderlich ist. Weitere Rechtsgrundlage der Datenverarbeitung ist Art. 6 Abs. 1 S. 1 lit. f) DSGVO, sofern die Verarbeitung Ihrer personenbezogenen Daten zur Wahrung eines berechtigten Interesses des Vereins oder eines Dritten erforderlich ist und Ihre Interessen oder Grundrechte und Grundfreiheiten dieses Interesse nicht \u00fcberwiegen. Rechtsgrundlage der Datenverarbeitung ist au\u00dferdem Art. 6 Abs. S. 1 lit. c) DSGVO, sofern die Datenverarbeitung zur Erf\u00fcllung einer rechtlichen Verpflichtung vorgeschrieben ist, der der Verein unterliegt.<\/li>\n<li>Von den als selbst\u00e4ndigen Unternehmern beauftragten <strong>Betreuern <\/strong>erhebt und speichert der Verein: Vor- und Nachnamen, Anschrift, E-Mail-Adresse, Telefon- und Faxnummern, Bankverbindung und gegebenenfalls sonstige personenbezogene Daten, die f\u00fcr die Durchf\u00fchrung des Auftrags erforderlich sind. Die Rechtsgrundlage der Datenverarbeitung ist Art. 6 Abs. 1 S. 1 lit. b) DSGVO, sofern die Verarbeitung Ihrer personenbezogenen Daten zur Erf\u00fcllung des Honorarvertrags zwischen Ihnen und uns oder zur Durchf\u00fchrung vorvertraglicher Ma\u00dfnahmen, die auf Ihre Anfrage erfolgen, erforderlich ist. Weitere Rechtsgrundlage der Datenverarbeitung ist Art. 6 Abs. 1 S. 1 lit. f) DSGVO, sofern die Verarbeitung Ihrer personenbezogenen Daten zur Wahrung eines berechtigten Interesses des Vereins oder eines Dritten erforderlich ist und Ihre Interessen oder Grundrechte und Grundfreiheiten dieses Interesse nicht \u00fcberwiegen. Rechtsgrundlage der Datenverarbeitung ist au\u00dferdem Art. 6 Abs. S. 1 1 lit. c) DSGVO, sofern die Datenverarbeitung zur Erf\u00fcllung einer rechtlichen Verpflichtung vorgeschrieben ist, der der Verein unterliegt.<\/li>\n<li>Von angestellten <strong>Mitarbeitern<\/strong> erheben und speichert der Verein Vor- und Nachnamen, Anschrift, E-Mail-Adresse, Telefon- und Faxnummern, Bankverbindung und gegebenenfalls sonstige personenbezogene Daten, die f\u00fcr die Vertragsdurchf\u00fchrung erforderlich sind. Die Rechtsgrundlage der Datenverarbeitung ist Art. 6 Abs. 1 S. 1 lit. b) DSGVO, sofern die Verarbeitung Ihrer personenbezogenen Daten zur Erf\u00fcllung des Mitarbeitervertrags zwischen Ihnen und uns oder zur Durchf\u00fchrung vorvertraglicher Ma\u00dfnahmen, die auf Ihre Anfrage erfolgen, erforderlich ist. Weitere Rechtsgrundlage der Datenverarbeitung ist Art. 6 Abs. S. 1 1 lit. c) DSGVO, sofern die Datenverarbeitung zur Erf\u00fcllung einer rechtlichen Verpflichtung vorgeschrieben ist, der der Verein unterliegt.<\/li>\n<li>Wenn Sie uns eine <strong>Bewerbung<\/strong> als Betreuer in einem Camp zusenden, verarbeiten wir die von Ihnen zur Verf\u00fcgung gestellten personenbezogenen Daten zur Pr\u00fcfung, Bearbeitung und Beantwortung Ihrer Bewerbung und gegebenenfalls zur Begr\u00fcndung und Durchf\u00fchrung eines Auftragsverh\u00e4ltnisses. Die Rechtsgrundlage der Datenverarbeitung ist Art. 6 Abs. 2 DSGVO i. V. m. \u00a7 26 Abs. 1 Bundesdatenschutzgesetz.<\/li>\n<li>Wenn Sie diese <strong>Website nutzen<\/strong>, erhebt und erfasst der Provider der Seiten automatisch Informationen in so genannten Server-Log-Dateien, die Ihr Browser automatisch an uns \u00fcbermittelt. Dies sind: Browsertyp und Browserversion, verwendetes Betriebssystem, Referrer URL, Hostname des zugreifenden Rechners, Uhrzeit der Serveranfrage und IP-Adresse. Eine Zusammenf\u00fchrung dieser Daten mit anderen Datenquellen wird nicht vorgenommen. Die Daten werden automatisch gel\u00f6scht. Der Verein hat keinen Zugriff auf diese Daten. Die Rechtsgrundlage f\u00fcr die Verarbeitung Ihrer IP-Adresse ist Art. 6 Abs. 1 S. 1 lit. f DSGVO. Die Speicherung Ihrer personenbezogenen Daten in Server-Log-Dateien dient der Wahrung des im Rahmen der Interessenabw\u00e4gung \u00fcberwiegenden berechtigten Interesses des Vereins daran, den st\u00f6rungsfreien Betrieb dieser Website sicherzustellen.<\/li>\n<\/ol>\n<h4>4. Dauer der Speicherung<\/h4>\n<p>Grunds\u00e4tzlich l\u00f6scht der Verein Ihre personenbezogenen Daten, sobald sie f\u00fcr die oben zu 3. jeweils genannten Zwecke nicht mehr erforderlich sind, es sei denn, dass der Verein gesetzlich zu einer l\u00e4ngeren Speicherung verpflichtet ist oder Sie in eine dar\u00fcber hinausgehende Speicherung eingewilligt haben.<\/p>\n<h4>5. Weitergabe Ihrer personenbezogenen Daten an Dritte<\/h4>\n<p>Nur soweit es f\u00fcr einen der unter 3. jeweils genannten Zwecke erforderlich ist oder Sie zuvor eingewilligt haben, wird der Verein personenbezogene Daten an Dritte \u00fcbermitteln. In diesem Rahmen kann der Verein, soweit jeweils erforderlich, personenbezogenen Daten z.B. an Versicherungen, \u00c4rzte, steuerliche Berater, Gerichte, Finanzbeh\u00f6rden und sonstige Beh\u00f6rden weitergeben.<\/p>\n<p>Rechtsgrundlage f\u00fcr die Weitergabe Ihrer personenbezogenen Daten ist<\/p>\n<ul>\n<li>Art. 6 Abs. 1 S. 1 lit b) DSGVO, sofern die Weitergabe zur Erf\u00fcllung eines zwischen Ihnen pers\u00f6nlich und dem Verein geschlossenen Vertrags erforderlich ist,<\/li>\n<li>Art. 6 Abs. 1 S.1 lit. f) DSGVO, sofern die Weitergabe zur Wahrung \u00fcberwiegender berechtigter Interessen des Vereins oder eines Dritten erforderlich ist und Ihre Interessen oder Grundrechte und Grundfreiheiten dieses Interesse nicht \u00fcberwiegen,<\/li>\n<li>Art. 6 Abs. 1 S. 1 lit. a) DSGVO, sofern Sie in die Weitergabe Ihrer personenbezogenen Daten eingewilligt haben, und\/oder<\/li>\n<li>Art. 6 Abs. 1 S. 1 lit. c) DSGVO, sofern die Weitergabe zur Erf\u00fcllung einer rechtlichen Verpflichtung vorgeschrieben ist, der der Verein unterliegt.<\/li>\n<\/ul>\n<p>An Dritte au\u00dferhalb der EU bzw. des Europ\u00e4ischen Wirtschaftsraums gibt der Verein Ihre personenbezogenen Daten grunds\u00e4tzlich nicht weiter, in Ausnahmef\u00e4llen nur dann, wenn<\/p>\n<ul>\n<li>das durch diese DSGVO gew\u00e4hrleistete Schutzniveau f\u00fcr nat\u00fcrliche Personen eingehalten wird, was z.B. dann der Fall ist, wenn die EU Kommission be-schlossen hat, dass das betreffende Drittland ein angemessenes Schutzniveau bietet oder wenn geeignete Garantien vorgesehen sind (z. B. verbindliche interne Datenschutzvorschriften oder Standarddatenschutzklauseln der Kommission), oder<\/li>\n<li>einer der in Art. 49 Abs. 1 S. 1 DSGVO vorgesehenen Ausnahmef\u00e4lle greift, Sie also z.B. in die Daten\u00fcbermittlung ausdr\u00fccklich eingewilligt haben (Art. 49 Abs. 1 S. 1 lit. a) DSGVO), die \u00dcbermittlung f\u00fcr die Erf\u00fcllung eines zwischen Ihnen und uns geschlossenen Vertrags erforderlich ist (Art. 49 Abs. 1 S. 1 lit. b) DSGVO) oder die \u00dcbermittlung zur Geltendmachung, Aus\u00fcbung oder Verteidigung von Rechtsanspr\u00fcchen erforderlich ist (Art. 49 Abs. 1 S. 1 lit. d) DSGVO).<\/li>\n<\/ul>\n<h4>6. Ihre Rechte<\/h4>\n<p>Wenn der Verein Sie betreffende personenbezogene Daten verarbeitet, sind Sie eine \u201ebetroffene Person\u201c im Sinne der DSGVO und stehen Ihnen dem Verein gegen\u00fcber folgende Rechte zu:<\/p>\n<p>(a) Ein Recht auf <strong>Auskunft<\/strong> durch den Verein \u00fcber die Sie betreffenden personenbezogenen Daten gem\u00e4\u00df Art. 15 DSGVO, soweit nicht durch die Auskunft Informationen offenbart w\u00fcrden, die nach einer Rechtsvorschrift oder ihrem Wesen nach geheim gehalten werden m\u00fcssen;<br \/>\n(b) ein Recht auf <strong>Berichtigung<\/strong> der Sie betreffenden unrichtigen personenbezogenen Daten gem\u00e4\u00df Art. 16 DSGVO;<br \/>\n(c) ein Recht auf <strong>L\u00f6schung<\/strong> der Sie betreffenden personenbezogenen Daten gem\u00e4\u00df Art. 17 DSGVO, sofern nicht die Verarbeitung zur Erf\u00fcllung einer rechtlichen Verpflichtung oder zur Geltendmachung, Aus\u00fcbung und Verteidigung von Rechtsanspr\u00fcchen erforderlich ist;<br \/>\n(d) ein Recht auf <strong>Einschr\u00e4nkung der Verarbeitung<\/strong> der Sie betreffenden personenbe-zogenen Daten, sofern einer der in Art. 18 DSGVO genannten Gr\u00fcnde vorliegt;<br \/>\n(e) ein Recht auf <strong>Daten\u00fcbertragbarkeit<\/strong> (d.h., das Recht dass Sie die Sie bestreffenden personenbezogenen Daten in einem strukturierten, g\u00e4ngigen und maschinen-lesbaren Format zu erhalten), sofern die Voraussetzungen des Art. 20 DSGVO erf\u00fcllt sind;<br \/>\n(f) ein Recht auf <strong>Beschwerde<\/strong> bei einer Aufsichtsbeh\u00f6rde gem\u00e4\u00df Art. 77 DSGVO.<\/p>\n<p>Sofern der Verein Ihre personenbezogenen Daten auf Grundlage von Art. 6 Abs. 1 S. 1 lit. f) DSGVO verarbeitet, steht Ihnen gem\u00e4\u00df Art. 21 Abs. 1 DSGVO das Recht zu, aus Gr\u00fcnden, die sich aus Ihrer pers\u00f6nlichen Situation ergeben, jederzeit gegen die Verarbeitung dieser personenbezogenen Daten Widerspruch einzulegen. Der Verein verarbeitet die Sie betreffenden personenbezogenen Daten dann nicht mehr, es sei denn, er kann zwingende schutzw\u00fcrdige Gr\u00fcnde f\u00fcr die Verarbeitung nachweisen, die Ihre Interessen, Rechte und Freiheiten \u00fcberwiegen, oder die Verarbeitung durch uns dient der Geltendmachung, Aus\u00fcbung oder Verteidigung von Rechtsanspr\u00fcchen. Bitte richten Sie Ihren Widerspruch an den Verein (Adresse und Kontaktdaten siehe oben zu 1.).<\/p>\n<p>Sie haben das Recht, eine datenschutzrechtliche Einwilligungserkl\u00e4rung jederzeit zu widerrufen. Durch den Widerruf der Einwilligung wird die Rechtm\u00e4\u00dfigkeit der auf-grund der Einwilligung bis zum Widerruf erfolgten Verarbeitung nicht ber\u00fchrt. Bitte richten Sie Ihren Widerruf anen Verein (Adresse und Kontaktdaten siehe oben zu 1.).<\/p>\n<h4>7. Sonstiges<\/h4>\n<p>Diese Hinweise entsprechen dem Rechtsstand vom 25. Mai 2018. Der Verein beh\u00e4lten sich vor, seine Datenschutzhinweise jederzeit an \u00c4nderungen der zugrundeliegenden Vorschriften und die Rechtsprechung hierzu anzupassen<\/p>\n","protected":false},"excerpt":{"rendered":"<p>Datenschutzhinweise des Vereins Hamburger Sommerschule e.V. Diese Datenschutzhinweise gelten f\u00fcr die Verarbeitung personenbezogener Daten von Teilnehmern der Sommercamps und anderer Veranstaltungen der Hamburger Sommerschule e.V. (der\u00a0 &#8222;Verein&#8222;), von Betreuern und anderen Mitarbeitern des Vereins von Mitgliedern des Vereins sowie von Besuchern dieser Website. 1. Verantwortlicher gem\u00e4\u00df Art. 4 Abs. 7 DSGVO Verantwortlich f\u00fcr die Verarbeitung&#8230;  <a href=\"https:\/\/sommerschule.org\/site\/verein\/datenschutzhinweise\/\" title=\"Read Datenschutzhinweise\">Read more &raquo;<\/a><\/p>\n","protected":false},"author":2,"featured_media":0,"parent":59,"menu_order":8,"comment_status":"closed","ping_status":"closed","template":"","meta":{"footnotes":""},"class_list":["post-2985","page","type-page","status-publish","hentry"],"_links":{"self":[{"href":"https:\/\/sommerschule.org\/site\/wp-json\/wp\/v2\/pages\/2985","targetHints":{"allow":["GET"]}}],"collection":[{"href":"https:\/\/sommerschule.org\/site\/wp-json\/wp\/v2\/pages"}],"about":[{"href":"https:\/\/sommerschule.org\/site\/wp-json\/wp\/v2\/types\/page"}],"author":[{"embeddable":true,"href":"https:\/\/sommerschule.org\/site\/wp-json\/wp\/v2\/users\/2"}],"replies":[{"embeddable":true,"href":"https:\/\/sommerschule.org\/site\/wp-json\/wp\/v2\/comments?post=2985"}],"version-history":[{"count":10,"href":"https:\/\/sommerschule.org\/site\/wp-json\/wp\/v2\/pages\/2985\/revisions"}],"predecessor-version":[{"id":2995,"href":"https:\/\/sommerschule.org\/site\/wp-json\/wp\/v2\/pages\/2985\/revisions\/2995"}],"up":[{"embeddable":true,"href":"https:\/\/sommerschule.org\/site\/wp-json\/wp\/v2\/pages\/59"}],"wp:attachment":[{"href":"https:\/\/sommerschule.org\/site\/wp-json\/wp\/v2\/media?parent=2985"}],"curies":[{"name":"wp","href":"https:\/\/api.w.org\/{rel}","templated":true}]}}