{"id":26,"date":"2012-03-16T18:00:56","date_gmt":"2012-03-16T18:00:56","guid":{"rendered":"http:\/\/sommerschule.org\/site\/?page_id=26"},"modified":"2017-05-03T15:18:38","modified_gmt":"2017-05-03T15:18:38","slug":"spass-und-sport","status":"publish","type":"page","link":"https:\/\/sommerschule.org\/site\/sommercamp\/spass-und-sport\/","title":{"rendered":"Spa\u00df &#038; Sport"},"content":{"rendered":"<a href=\"http:\/\/sommerschule.org\/site\/wp-content\/uploads\/2014\/07\/IMG_4715.jpg\" rel=\"lightbox[26]\"><img loading=\"lazy\" decoding=\"async\" class=\"wp-image-1422 size-medium alignnone\" src=\"http:\/\/sommerschule.org\/site\/wp-content\/uploads\/2014\/07\/IMG_4715-300x225.jpg\" width=\"300\" height=\"225\" srcset=\"https:\/\/sommerschule.org\/site\/wp-content\/uploads\/2014\/07\/IMG_4715-300x225.jpg 300w, https:\/\/sommerschule.org\/site\/wp-content\/uploads\/2014\/07\/IMG_4715.jpg 933w\" sizes=\"auto, (max-width: 300px) 100vw, 300px\" \/><\/a><a href=\"http:\/\/sommerschule.org\/site\/wp-content\/uploads\/2016\/08\/FullSizeRender-121.jpg\" rel=\"lightbox[26]\"><img loading=\"lazy\" decoding=\"async\" class=\"wp-image-2034 size-medium alignright\" title=\"foto-sport\" src=\"http:\/\/sommerschule.org\/site\/wp-content\/uploads\/2016\/08\/FullSizeRender-121-300x225.jpg\" alt=\"Sport und Spa\u00df\" width=\"300\" height=\"225\" srcset=\"https:\/\/sommerschule.org\/site\/wp-content\/uploads\/2016\/08\/FullSizeRender-121-300x225.jpg 300w, https:\/\/sommerschule.org\/site\/wp-content\/uploads\/2016\/08\/FullSizeRender-121-1024x768.jpg 1024w\" sizes=\"auto, (max-width: 300px) 100vw, 300px\" \/><\/a>\n<h2>Das Sommercamp bringt Bewegung in die Ferien.<\/h2>\n<p>Das Sommercamp bringt Bewegung in die Ferien. Schleswig-Holstein, die nahe Ostsee und die Natur rund um das Waldschulheim bieten ideale Voraussetzungen f\u00fcr erlebnis- und zugleich lehrreiche Ferienwochen.<\/p>\n<p style=\"text-align: center;\"><strong><span style=\"color: #3366ff;\">Unser Motto<\/span>: <span style=\"color: #ff6600;\">&#8222;Freundschaft, die zusammenh\u00e4lt&#8220;<\/span><\/strong><\/p>\n<p>Mit Wind, Wellen und einem herrlichen breiten Sandstrand lockt die Ostsee kleine und gro\u00dfe Besucher. Hier ist endlos Platz f\u00fcr Ballspiele oder Strandwanderungen und Sand genug f\u00fcr Burgen und Schl\u00f6sser. Das flache Wasser ist auch f\u00fcr Nichtschwimmer ein Riesen-Spa\u00df.<\/p>\n<p>Im Waldschulheim selbst beginnt das Vergn\u00fcgen schon direkt vor der Haust\u00fcr. Auf dem Gel\u00e4nde gibt es ein Fu\u00dfballfeld, ein Volleyballfeld, ein Kletterger\u00fcst und Schaukeln. In einem kleinen Waldst\u00fcck k\u00f6nnen die Kinder kleine H\u00f6hlen aus \u00c4sten bauen und die Natur beobachten. Auf der riesigen Wiese wird am Nachmittag gebastelt und musiziert, gelesen und gefaulenzt<\/p>\n<p>F\u00fcr viel Bewegung sorgt das t\u00e4gliche Fu\u00dfballspiel, bei dem neben Kraft und Geschicklichkeit auch Teamgeist und Fairness z\u00e4hlen. Wer lieber ohne Ball, daf\u00fcr aber mit Musik trainiert, kann dies bei unserem Tanztraining unter fachkundiger Anleitung von Tanzp\u00e4dagogen.<\/p>\n","protected":false},"excerpt":{"rendered":"<p>Das Sommercamp bringt Bewegung in die Ferien. Das Sommercamp bringt Bewegung in die Ferien. Schleswig-Holstein, die nahe Ostsee und die Natur rund um das Waldschulheim bieten ideale Voraussetzungen f\u00fcr erlebnis- und zugleich lehrreiche Ferienwochen. Unser Motto: &#8222;Freundschaft, die zusammenh\u00e4lt&#8220; Mit Wind, Wellen und einem herrlichen breiten Sandstrand lockt die Ostsee kleine und gro\u00dfe Besucher. Hier&#8230;  <a href=\"https:\/\/sommerschule.org\/site\/sommercamp\/spass-und-sport\/\" title=\"Read Spa\u00df &#038; Sport\">Read more &raquo;<\/a><\/p>\n","protected":false},"author":1,"featured_media":0,"parent":12,"menu_order":3,"comment_status":"closed","ping_status":"closed","template":"","meta":{"footnotes":""},"class_list":["post-26","page","type-page","status-publish","hentry"],"_links":{"self":[{"href":"https:\/\/sommerschule.org\/site\/wp-json\/wp\/v2\/pages\/26","targetHints":{"allow":["GET"]}}],"collection":[{"href":"https:\/\/sommerschule.org\/site\/wp-json\/wp\/v2\/pages"}],"about":[{"href":"https:\/\/sommerschule.org\/site\/wp-json\/wp\/v2\/types\/page"}],"author":[{"embeddable":true,"href":"https:\/\/sommerschule.org\/site\/wp-json\/wp\/v2\/users\/1"}],"replies":[{"embeddable":true,"href":"https:\/\/sommerschule.org\/site\/wp-json\/wp\/v2\/comments?post=26"}],"version-history":[{"count":19,"href":"https:\/\/sommerschule.org\/site\/wp-json\/wp\/v2\/pages\/26\/revisions"}],"predecessor-version":[{"id":2235,"href":"https:\/\/sommerschule.org\/site\/wp-json\/wp\/v2\/pages\/26\/revisions\/2235"}],"up":[{"embeddable":true,"href":"https:\/\/sommerschule.org\/site\/wp-json\/wp\/v2\/pages\/12"}],"wp:attachment":[{"href":"https:\/\/sommerschule.org\/site\/wp-json\/wp\/v2\/media?parent=26"}],"curies":[{"name":"wp","href":"https:\/\/api.w.org\/{rel}","templated":true}]}}