{"id":232,"date":"2012-04-16T09:13:58","date_gmt":"2012-04-16T09:13:58","guid":{"rendered":"http:\/\/sommerschule.org\/site\/?page_id=232"},"modified":"2019-06-24T15:49:22","modified_gmt":"2019-06-24T15:49:22","slug":"betreuer-team","status":"publish","type":"page","link":"https:\/\/sommerschule.org\/site\/sommercamp\/betreuer-team\/","title":{"rendered":"Betreuer-Team"},"content":{"rendered":"<a href=\"http:\/\/sommerschule.org\/site\/wp-content\/uploads\/2018\/08\/Team-2018-7a.jpg\" rel=\"lightbox[232]\"><img loading=\"lazy\" decoding=\"async\" class=\"alignleft wp-image-2801 size-medium\" src=\"http:\/\/sommerschule.org\/site\/wp-content\/uploads\/2018\/08\/Team-2018-7a-300x297.jpg\" alt=\"\" width=\"300\" height=\"297\" \/><\/a><a href=\"http:\/\/sommerschule.org\/site\/wp-content\/uploads\/2018\/08\/Team-2018-17a.jpg\" rel=\"lightbox[232]\"><img loading=\"lazy\" decoding=\"async\" class=\"alignleft wp-image-2788 size-medium\" src=\"http:\/\/sommerschule.org\/site\/wp-content\/uploads\/2018\/08\/Team-2018-17a-300x255.jpg\" alt=\"Betreuer-Team\" width=\"300\" height=\"255\" srcset=\"https:\/\/sommerschule.org\/site\/wp-content\/uploads\/2018\/08\/Team-2018-17a-300x255.jpg 300w, https:\/\/sommerschule.org\/site\/wp-content\/uploads\/2018\/08\/Team-2018-17a-768x653.jpg 768w, https:\/\/sommerschule.org\/site\/wp-content\/uploads\/2018\/08\/Team-2018-17a-1024x870.jpg 1024w\" sizes=\"auto, (max-width: 300px) 100vw, 300px\" \/><\/a>\n<p>&nbsp;<\/p>\n<p>&nbsp;<\/p>\n<p>&nbsp;<\/p>\n<p>&nbsp;<\/p>\n<p>&nbsp;<\/p>\n<p>&nbsp;<\/p>\n<p>&nbsp;<\/p>\n<p>Das Betreuerteam 2018 (nicht ganz vollz\u00e4hlig) bei der Abschlussbesprechung am 22. August 2018.<\/p>\n<p>F\u00fcr die Betreuer: Die Vorlage f\u00fcr die Abrechnung steht <a href=\"http:\/\/sommerschule.org\/site\/wp-content\/uploads\/2019\/06\/Anlage-Honorarrechnung-2019-1.docx\" target=\"_blank\" rel=\"noopener\">hier<\/a> als Word-Datei zum Download zur Verf\u00fcgung.<\/p>\n","protected":false},"excerpt":{"rendered":"<p>&nbsp; &nbsp; &nbsp; &nbsp; &nbsp; &nbsp; &nbsp; Das Betreuerteam 2018 (nicht ganz vollz\u00e4hlig) bei der Abschlussbesprechung am 22. August 2018. F\u00fcr die Betreuer: Die Vorlage f\u00fcr die Abrechnung steht hier als Word-Datei zum Download zur Verf\u00fcgung.<\/p>\n","protected":false},"author":1,"featured_media":0,"parent":12,"menu_order":4,"comment_status":"closed","ping_status":"closed","template":"","meta":{"footnotes":""},"class_list":["post-232","page","type-page","status-publish","hentry"],"_links":{"self":[{"href":"https:\/\/sommerschule.org\/site\/wp-json\/wp\/v2\/pages\/232","targetHints":{"allow":["GET"]}}],"collection":[{"href":"https:\/\/sommerschule.org\/site\/wp-json\/wp\/v2\/pages"}],"about":[{"href":"https:\/\/sommerschule.org\/site\/wp-json\/wp\/v2\/types\/page"}],"author":[{"embeddable":true,"href":"https:\/\/sommerschule.org\/site\/wp-json\/wp\/v2\/users\/1"}],"replies":[{"embeddable":true,"href":"https:\/\/sommerschule.org\/site\/wp-json\/wp\/v2\/comments?post=232"}],"version-history":[{"count":77,"href":"https:\/\/sommerschule.org\/site\/wp-json\/wp\/v2\/pages\/232\/revisions"}],"predecessor-version":[{"id":2910,"href":"https:\/\/sommerschule.org\/site\/wp-json\/wp\/v2\/pages\/232\/revisions\/2910"}],"up":[{"embeddable":true,"href":"https:\/\/sommerschule.org\/site\/wp-json\/wp\/v2\/pages\/12"}],"wp:attachment":[{"href":"https:\/\/sommerschule.org\/site\/wp-json\/wp\/v2\/media?parent=232"}],"curies":[{"name":"wp","href":"https:\/\/api.w.org\/{rel}","templated":true}]}}