{"id":21,"date":"2012-03-16T17:46:30","date_gmt":"2012-03-16T17:46:30","guid":{"rendered":"http:\/\/sommerschule.org\/site\/?page_id=21"},"modified":"2025-01-22T14:36:53","modified_gmt":"2025-01-22T14:36:53","slug":"lernen","status":"publish","type":"page","link":"https:\/\/sommerschule.org\/site\/sommercamp\/lernen\/","title":{"rendered":"Lernen"},"content":{"rendered":"<h2><a href=\"http:\/\/sommerschule.org\/site\/wp-content\/uploads\/2016\/09\/IMG_0849.jpg\" rel=\"lightbox[21]\"><img loading=\"lazy\" decoding=\"async\" class=\"alignnone wp-image-2158 size-medium\" src=\"http:\/\/sommerschule.org\/site\/wp-content\/uploads\/2016\/09\/IMG_0849-300x225.jpg\" width=\"300\" height=\"225\" srcset=\"https:\/\/sommerschule.org\/site\/wp-content\/uploads\/2016\/09\/IMG_0849-300x225.jpg 300w, https:\/\/sommerschule.org\/site\/wp-content\/uploads\/2016\/09\/IMG_0849.jpg 933w\" sizes=\"auto, (max-width: 300px) 100vw, 300px\" \/><\/a><a href=\"http:\/\/sommerschule.org\/site\/wp-content\/uploads\/2016\/09\/IMG_0813.jpg\" rel=\"lightbox[21]\"><img loading=\"lazy\" decoding=\"async\" class=\"size-medium wp-image-2147 alignright\" src=\"http:\/\/sommerschule.org\/site\/wp-content\/uploads\/2016\/09\/IMG_0813-300x225.jpg\" alt=\"img_0813\" width=\"300\" height=\"225\" srcset=\"https:\/\/sommerschule.org\/site\/wp-content\/uploads\/2016\/09\/IMG_0813-300x225.jpg 300w, https:\/\/sommerschule.org\/site\/wp-content\/uploads\/2016\/09\/IMG_0813.jpg 933w\" sizes=\"auto, (max-width: 300px) 100vw, 300px\" \/><\/a><\/h2>\n<h2>\u00dcbung macht den Meister: in der deutschen Sprache ebenso wie im Zirkus!<\/h2>\n<p>Gute deutsche Sprachkenntnisse sind die beste Voraussetzung f\u00fcr den Schulerfolg unserer Kinder. Darum \u00fcben im Sommercamp erfahrene und engagierte Deutschp\u00e4dagogen mit den Kindern in der &#8222;Sprachwerkstatt&#8220; t\u00e4glich Lesen, Schreiben und Sprechen.<\/p>\n<p>Der Unterricht findet in kleinen Gruppen statt, in einer entspannten und anregenden Atmosph\u00e4re, weit weg vom \u201eSchulalltag&#8220;. Die Kinder werden dabei individuell betreut und gef\u00f6rdert.<\/p>\n<p>Schon in diesen Deutschstunden spielt der Zirkus eine wichtige Rolle, denn hier entwickeln die Kinder gemeinsam eine Zirkusgeschichte.<\/p>\n<p>An den Nachmittagen k\u00f6nnen die M\u00e4dchen und Jungen im Sommercamp ihr eigenes Zirkus-Kunstst\u00fcck erlernen. Jonglieren, Einradfahren, Stelzenlauf, Musik, Tanz, Akrobatik und mehr &#8211; die Kinder k\u00f6nnen frei entscheiden.<\/p>\n<p>Das praktische Ein\u00fcben eines Zirkus-Kunstst\u00fccks st\u00e4rkt K\u00f6rperbeherrschung und Ausdauer. Dar\u00fcber hinaus sp\u00fcren die Kinder, dass sie ein wichtiger Teil des gemeinsamen Zirkus-Programms sind, das sie selbst mitgestalten k\u00f6nnen. Das macht nicht nur Spa\u00df, sondern f\u00f6rdert auch Teamgeist, Verantwortungsgef\u00fchl und Selbstvertrauen. Am Ende k\u00f6nnen dann alle Kinder in einer gro\u00dfen Auff\u00fchrung gemeinsam das Erlernte vorf\u00fchren.<\/p>\n","protected":false},"excerpt":{"rendered":"<p>\u00dcbung macht den Meister: in der deutschen Sprache ebenso wie im Zirkus! Gute deutsche Sprachkenntnisse sind die beste Voraussetzung f\u00fcr den Schulerfolg unserer Kinder. Darum \u00fcben im Sommercamp erfahrene und engagierte Deutschp\u00e4dagogen mit den Kindern in der &#8222;Sprachwerkstatt&#8220; t\u00e4glich Lesen, Schreiben und Sprechen. Der Unterricht findet in kleinen Gruppen statt, in einer entspannten und anregenden&#8230;  <a href=\"https:\/\/sommerschule.org\/site\/sommercamp\/lernen\/\" title=\"Read Lernen\">Read more &raquo;<\/a><\/p>\n","protected":false},"author":1,"featured_media":0,"parent":12,"menu_order":2,"comment_status":"closed","ping_status":"closed","template":"","meta":{"footnotes":""},"class_list":["post-21","page","type-page","status-publish","hentry"],"_links":{"self":[{"href":"https:\/\/sommerschule.org\/site\/wp-json\/wp\/v2\/pages\/21","targetHints":{"allow":["GET"]}}],"collection":[{"href":"https:\/\/sommerschule.org\/site\/wp-json\/wp\/v2\/pages"}],"about":[{"href":"https:\/\/sommerschule.org\/site\/wp-json\/wp\/v2\/types\/page"}],"author":[{"embeddable":true,"href":"https:\/\/sommerschule.org\/site\/wp-json\/wp\/v2\/users\/1"}],"replies":[{"embeddable":true,"href":"https:\/\/sommerschule.org\/site\/wp-json\/wp\/v2\/comments?post=21"}],"version-history":[{"count":15,"href":"https:\/\/sommerschule.org\/site\/wp-json\/wp\/v2\/pages\/21\/revisions"}],"predecessor-version":[{"id":3284,"href":"https:\/\/sommerschule.org\/site\/wp-json\/wp\/v2\/pages\/21\/revisions\/3284"}],"up":[{"embeddable":true,"href":"https:\/\/sommerschule.org\/site\/wp-json\/wp\/v2\/pages\/12"}],"wp:attachment":[{"href":"https:\/\/sommerschule.org\/site\/wp-json\/wp\/v2\/media?parent=21"}],"curies":[{"name":"wp","href":"https:\/\/api.w.org\/{rel}","templated":true}]}}