{"id":1939,"date":"2016-02-04T14:03:21","date_gmt":"2016-02-04T14:03:21","guid":{"rendered":"http:\/\/sommerschule.org\/site\/?page_id=1939"},"modified":"2025-12-21T12:42:36","modified_gmt":"2025-12-21T12:42:36","slug":"partnerschulen","status":"publish","type":"page","link":"https:\/\/sommerschule.org\/site\/sommercamp\/partnerschulen\/","title":{"rendered":"Partnerschulen"},"content":{"rendered":"<h2>Unsere Partnerschulen<\/h2>\n<p>Zu unseren Partnerschulen geh\u00f6ren oder geh\u00f6rten seit 2012 (nach Postleitzahl geordnet):<\/p>\n<ul>\n<li><a href=\"https:\/\/schule-hohe-landwehr.de\/\" target=\"_blank\" rel=\"noopener\">Schule Hohe Landwehr<\/a>, 20535 Hamburg (Hamm)<\/li>\n<li><a href=\"http:\/\/www.schule-mer.de\/\" target=\"_blank\" rel=\"noopener\">Schule Max-Eichholz-Ring<\/a>, 21031 Hamburg (Lohbr\u00fcgge)<\/li>\n<li><a href=\"http:\/\/schule-leuschnerstrasse.de\/\" target=\"_blank\" rel=\"noopener\">Grundschule Leuschnerstra\u00dfe<\/a>, 21031 Hamburg (Lohbr\u00fcgge)<\/li>\n<li><a href=\"http:\/\/www.schule-friedrich-frank-bogen.de\/\" target=\"_blank\" rel=\"noopener\">Schule Friedrich-Frank-Bogen<\/a>, 21033 Hamburg (Bergedorf-West)<\/li>\n<li><a href=\"https:\/\/schule-kersche.hamburg.de\/\" target=\"_blank\" rel=\"noopener\">Georg-Kerschensteiner-Grundschule<\/a>, <span class=\"_Xbe\">21073 Hamburg (Harburg)<\/span><\/li>\n<li><a href=\"https:\/\/grundschule-grumbrechtstrasse.schulhomepages.hamburg.de\/\" target=\"_blank\" rel=\"noopener\">Schule Grumbrechtstra\u00dfe<\/a><a href=\"https:\/\/schulefaehrstrasse.hamburg.de\/\">, <\/a>21075 Hamburg (Heimfeld)<\/li>\n<li><a href=\"http:\/\/schule-rhd.hamburg.de\/\" target=\"_blank\" rel=\"noopener\">Schule Rotenh\u00e4user Damm<\/a>, <span class=\"_Xbe\">21107 Hamburg (Billstedt)<\/span><\/li>\n<li><a href=\"https:\/\/stuebi-hamburg.de\/stadtteilschule\/\" target=\"_blank\" rel=\"noopener\">Stadteilschule Stubenh\u00f6fer Weg<\/a>, 21109 Hamburg (Wilhelmsburg)<\/li>\n<li><a href=\"http:\/\/www.wichern-schule.de\/\" target=\"_blank\" rel=\"noopener\">Wichernschule<\/a>, 22111 Hamburg (Horn)<\/li>\n<li><a href=\"http:\/\/www.schule-beim-pachthof.de\/\" target=\"_blank\" rel=\"noopener\">Schule beim Pachthof<\/a>, 22111 Hamburg (Horn)<\/li>\n<li><a href=\"https:\/\/schuleamschleemerpark.hamburg.de\/\" target=\"_blank\" rel=\"noopener\">Am Schleemer Park<\/a>, 22113\/22117 Hamburg (Billstedt)<\/li>\n<li><a href=\"https:\/\/grundschule-rahewinkel.hamburg.de\/\" target=\"_blank\" rel=\"noopener\">Grundschule Rahewinkel<\/a>, 22115 Hamburg (M\u00fcmmelmannsberg)<\/li>\n<li><a href=\"http:\/\/www.grundschule-muemmelmannsberg.de\/kontakt\/\" target=\"_blank\" rel=\"noopener\">Grundschule M\u00fcmmelmannsberg<\/a>, 22115 Hamburg (M\u00fcmmelmannsberg)<\/li>\n<li><a href=\"http:\/\/brueder-grimm-schule.hamburg.de\/\" target=\"_blank\" rel=\"noopener\">Br\u00fcder-Grimm-Schule Standort Steinadlerweg<\/a>, 22119 Hamburg (Horn)<\/li>\n<li><a href=\"http:\/\/schule-sterntalerstrasse.hamburg.de\/\">Schule Sterntalerstra\u00dfe<\/a>, 22119 Hamburg (Billstedt)<\/li>\n<li><a href=\"http:\/\/www.ohrnsweg.de\/\" target=\"_blank\" rel=\"noopener\">Schule Ohrnsweg<\/a>, <span class=\"_Xbe\">21149 <\/span>Hamburg (Neugraben-Fischbek)<\/li>\n<li><a href=\"http:\/\/grundschule-edwin-scharff-ring.hamburg.de\/\" target=\"_blank\" rel=\"noopener\">Edwin-Scharff-Ring<\/a>, 22309 Hamburg (Steilshoop)<\/li>\n<\/ul>\n","protected":false},"excerpt":{"rendered":"<p>Unsere Partnerschulen Zu unseren Partnerschulen geh\u00f6ren oder geh\u00f6rten seit 2012 (nach Postleitzahl geordnet): Schule Hohe Landwehr, 20535 Hamburg (Hamm) Schule Max-Eichholz-Ring, 21031 Hamburg (Lohbr\u00fcgge) Grundschule Leuschnerstra\u00dfe, 21031 Hamburg (Lohbr\u00fcgge) Schule Friedrich-Frank-Bogen, 21033 Hamburg (Bergedorf-West) Georg-Kerschensteiner-Grundschule, 21073 Hamburg (Harburg) Schule Grumbrechtstra\u00dfe, 21075 Hamburg (Heimfeld) Schule Rotenh\u00e4user Damm, 21107 Hamburg (Billstedt) Stadteilschule Stubenh\u00f6fer Weg, 21109 Hamburg (Wilhelmsburg)&#8230;  <a href=\"https:\/\/sommerschule.org\/site\/sommercamp\/partnerschulen\/\" title=\"Read Partnerschulen\">Read more &raquo;<\/a><\/p>\n","protected":false},"author":2,"featured_media":0,"parent":12,"menu_order":8,"comment_status":"closed","ping_status":"closed","template":"","meta":{"footnotes":""},"class_list":["post-1939","page","type-page","status-publish","hentry"],"_links":{"self":[{"href":"https:\/\/sommerschule.org\/site\/wp-json\/wp\/v2\/pages\/1939","targetHints":{"allow":["GET"]}}],"collection":[{"href":"https:\/\/sommerschule.org\/site\/wp-json\/wp\/v2\/pages"}],"about":[{"href":"https:\/\/sommerschule.org\/site\/wp-json\/wp\/v2\/types\/page"}],"author":[{"embeddable":true,"href":"https:\/\/sommerschule.org\/site\/wp-json\/wp\/v2\/users\/2"}],"replies":[{"embeddable":true,"href":"https:\/\/sommerschule.org\/site\/wp-json\/wp\/v2\/comments?post=1939"}],"version-history":[{"count":21,"href":"https:\/\/sommerschule.org\/site\/wp-json\/wp\/v2\/pages\/1939\/revisions"}],"predecessor-version":[{"id":3316,"href":"https:\/\/sommerschule.org\/site\/wp-json\/wp\/v2\/pages\/1939\/revisions\/3316"}],"up":[{"embeddable":true,"href":"https:\/\/sommerschule.org\/site\/wp-json\/wp\/v2\/pages\/12"}],"wp:attachment":[{"href":"https:\/\/sommerschule.org\/site\/wp-json\/wp\/v2\/media?parent=1939"}],"curies":[{"name":"wp","href":"https:\/\/api.w.org\/{rel}","templated":true}]}}