{"id":16,"date":"2012-03-16T17:27:09","date_gmt":"2012-03-16T17:27:09","guid":{"rendered":"http:\/\/sommerschule.org\/site\/?page_id=16"},"modified":"2025-01-22T14:34:21","modified_gmt":"2025-01-22T14:34:21","slug":"tagesablauf","status":"publish","type":"page","link":"https:\/\/sommerschule.org\/site\/sommercamp\/tagesablauf\/","title":{"rendered":"Tagesablauf"},"content":{"rendered":"<a href=\"http:\/\/sommerschule.org\/site\/wp-content\/uploads\/2016\/09\/IMG_0877.jpg\" rel=\"lightbox[16]\"><img loading=\"lazy\" decoding=\"async\" class=\"alignnone wp-image-2160 size-medium\" title=\"foto-tagesablauf\" src=\"http:\/\/sommerschule.org\/site\/wp-content\/uploads\/2016\/09\/IMG_0877-300x225.jpg\" width=\"300\" height=\"225\" srcset=\"https:\/\/sommerschule.org\/site\/wp-content\/uploads\/2016\/09\/IMG_0877-300x225.jpg 300w, https:\/\/sommerschule.org\/site\/wp-content\/uploads\/2016\/09\/IMG_0877.jpg 933w\" sizes=\"auto, (max-width: 300px) 100vw, 300px\" \/><\/a><a href=\"http:\/\/sommerschule.org\/site\/wp-content\/uploads\/2016\/09\/IMG_0662.jpg\" rel=\"lightbox[16]\"><img loading=\"lazy\" decoding=\"async\" class=\"wp-image-2099 size-medium alignright\" src=\"http:\/\/sommerschule.org\/site\/wp-content\/uploads\/2016\/09\/IMG_0662-300x225.jpg\" width=\"300\" height=\"225\" srcset=\"https:\/\/sommerschule.org\/site\/wp-content\/uploads\/2016\/09\/IMG_0662-300x225.jpg 300w, https:\/\/sommerschule.org\/site\/wp-content\/uploads\/2016\/09\/IMG_0662.jpg 933w\" sizes=\"auto, (max-width: 300px) 100vw, 300px\" \/><\/a>\n<h2>Wie sieht ein typischer Tag im Sommercamp aus?<\/h2>\n<p>Mit einem abwechslungsreichen Programm macht unser Sommercamp t\u00e4glich Lust auf Spielen und Lernen, Bewegung und Spa\u00df.<\/p>\n<p>Vormittags gibt es in kleinen Gruppen in der &#8222;Sprachwerkstatt&#8220; eine aktive <span style=\"color: #008080;\">Deutschstunde<\/span> mit ma\u00dfgeschneidertem Programm.<\/p>\n<p>Anschlie\u00dfend k\u00f6nnen sich die Jungen und M\u00e4dchen erst mal bei einer Stunde <span style=\"color: #ff6600;\">Sport<\/span> austoben: Im Fu\u00dfball- oder Tanz-Training lernen die Kinder spielend neue F\u00e4higkeiten und Teamgeist. Einer unserer Betreuer kann sogar Quidditch und bringt es den Kindern bei.<\/p>\n<p>Nach dem gemeinsamen Mittagessen ist freie Zeit zum <span style=\"color: #993300;\">Spielen<\/span>, bevor am Nachmittag der <span style=\"color: #00ffff;\">Zirkus<\/span> ruft. Unter freiem Himmel oder in einem echten Zirkuszelt k\u00f6nnen die kleinen und gro\u00dfen Akrobaten, K\u00fcnstler und Musiker ihre Kunstst\u00fccke ein\u00fcben.<\/p>\n<p>Gemeinsam werden wir nachmittags und am Wochenende <span style=\"color: #993366;\">Ausfl\u00fcge<\/span> an den nahen Ostseestrand unternehmen und die Natur rund um das Waldschulheim entdecken. Auch die Besichtigung des Wasserschlosses in Gl\u00fccksburg mit echten Ritterr\u00fcstungen und einem Ballsaal stehen auf dem Programm.<\/p>\n<p>Abends kommen alle beim <span style=\"color: #0000ff;\">Geschichtenvorlesen<\/span> oder am Lagerfeuer mit Gitarrenmusik noch einmal zusammen.<\/p>\n","protected":false},"excerpt":{"rendered":"<p>Wie sieht ein typischer Tag im Sommercamp aus? Mit einem abwechslungsreichen Programm macht unser Sommercamp t\u00e4glich Lust auf Spielen und Lernen, Bewegung und Spa\u00df. Vormittags gibt es in kleinen Gruppen in der &#8222;Sprachwerkstatt&#8220; eine aktive Deutschstunde mit ma\u00dfgeschneidertem Programm. Anschlie\u00dfend k\u00f6nnen sich die Jungen und M\u00e4dchen erst mal bei einer Stunde Sport austoben: Im Fu\u00dfball-&#8230;  <a href=\"https:\/\/sommerschule.org\/site\/sommercamp\/tagesablauf\/\" title=\"Read Tagesablauf\">Read more &raquo;<\/a><\/p>\n","protected":false},"author":1,"featured_media":0,"parent":12,"menu_order":1,"comment_status":"closed","ping_status":"closed","template":"","meta":{"footnotes":""},"class_list":["post-16","page","type-page","status-publish","hentry"],"_links":{"self":[{"href":"https:\/\/sommerschule.org\/site\/wp-json\/wp\/v2\/pages\/16","targetHints":{"allow":["GET"]}}],"collection":[{"href":"https:\/\/sommerschule.org\/site\/wp-json\/wp\/v2\/pages"}],"about":[{"href":"https:\/\/sommerschule.org\/site\/wp-json\/wp\/v2\/types\/page"}],"author":[{"embeddable":true,"href":"https:\/\/sommerschule.org\/site\/wp-json\/wp\/v2\/users\/1"}],"replies":[{"embeddable":true,"href":"https:\/\/sommerschule.org\/site\/wp-json\/wp\/v2\/comments?post=16"}],"version-history":[{"count":23,"href":"https:\/\/sommerschule.org\/site\/wp-json\/wp\/v2\/pages\/16\/revisions"}],"predecessor-version":[{"id":3282,"href":"https:\/\/sommerschule.org\/site\/wp-json\/wp\/v2\/pages\/16\/revisions\/3282"}],"up":[{"embeddable":true,"href":"https:\/\/sommerschule.org\/site\/wp-json\/wp\/v2\/pages\/12"}],"wp:attachment":[{"href":"https:\/\/sommerschule.org\/site\/wp-json\/wp\/v2\/media?parent=16"}],"curies":[{"name":"wp","href":"https:\/\/api.w.org\/{rel}","templated":true}]}}