{"id":134,"date":"2012-03-19T12:07:57","date_gmt":"2012-03-19T12:07:57","guid":{"rendered":"http:\/\/sommerschule.org\/site\/?page_id=134"},"modified":"2025-01-22T14:36:13","modified_gmt":"2025-01-22T14:36:13","slug":"sommercamps","status":"publish","type":"page","link":"https:\/\/sommerschule.org\/site\/sommercamp\/sommercamps\/","title":{"rendered":"Das Sommercamp"},"content":{"rendered":"<p>&nbsp;<\/p>\n<h2>Zwei wertvolle Wochen f\u00fcr Ihre Kinder<\/h2>\n<p>Neue Freunde finden, die Natur entdecken, spielerisch Deutsch <a href=\"http:\/\/sommerschule.org\/site\/wp-content\/uploads\/2012\/03\/Campschild_ohne-JZ.jpg\" rel=\"lightbox[134]\"><img loading=\"lazy\" decoding=\"async\" class=\"wp-image-1978 alignright\" src=\"http:\/\/sommerschule.org\/site\/wp-content\/uploads\/2012\/03\/Campschild_ohne-JZ-300x175.jpg\" alt=\"Logo Sommercamp\" width=\"324\" height=\"189\" srcset=\"https:\/\/sommerschule.org\/site\/wp-content\/uploads\/2012\/03\/Campschild_ohne-JZ-300x175.jpg 300w, https:\/\/sommerschule.org\/site\/wp-content\/uploads\/2012\/03\/Campschild_ohne-JZ-1024x597.jpg 1024w\" sizes=\"auto, (max-width: 324px) 100vw, 324px\" \/><\/a>lernen und mit einem echten Zirkus trainieren &#8211; all das k\u00f6nnen Hamburger Grundsch\u00fcler im Sommer in unseren \u201eSommercamps&#8220; in Gl\u00fccksburg. Hier, in einem Schullandheim an der sch\u00f6nen Ostseek\u00fcste von Schleswig-Holstein, erwartet die Kinder in den gro\u00dfen Ferien eine F\u00fclle wertvoller Erfahrungen f\u00fcr die Schule und das ganze Leben.<\/p>\n<a href=\"http:\/\/sommerschule.org\/site\/wp-content\/uploads\/2013\/03\/Luftbild-Gl\u00fccksburg-2.jpg\" rel=\"lightbox[134]\"><img loading=\"lazy\" decoding=\"async\" class=\"alignleft wp-image-838 size-medium\" title=\"Waldschulheim Gl\u00fccksburg\" src=\"http:\/\/sommerschule.org\/site\/wp-content\/uploads\/2013\/03\/Luftbild-Gl\u00fccksburg-2-300x213.jpg\" alt=\"Foto - Luftbild\" width=\"300\" height=\"213\" srcset=\"https:\/\/sommerschule.org\/site\/wp-content\/uploads\/2013\/03\/Luftbild-Gl\u00fccksburg-2-300x213.jpg 300w, https:\/\/sommerschule.org\/site\/wp-content\/uploads\/2013\/03\/Luftbild-Gl\u00fccksburg-2-1024x728.jpg 1024w\" sizes=\"auto, (max-width: 300px) 100vw, 300px\" \/><\/a>\n<p>&nbsp;<\/p>\n<p>&nbsp;<\/p>\n<p>Veranstaltet werden die \u201eSommercamps\u201c von der Hamburger Sommerschule e.V. Dieser gemeinn\u00fctzige Verein tr\u00e4gt auch die Kosten f\u00fcr Anreise, Unterkunft, Verpflegung, Betreuung und Ausfl\u00fcge. Begleitet werden die ca. 30 Kinder je Sommercamp auf den knapp einw\u00f6chigen Reisen von netten Teams aus jeweils insgesamt sechs Deutschp\u00e4dagogen, Erziehern und sonstigen P\u00e4dagogen, zum Teil auch Sporttrainern und Artisten der bekannten Kinder-Zirkusschule \u201eTriB\u00fchne\u201c. Die Begleiter haben stets ein offenes Ohr f\u00fcr die Kinder und wissen, wie man den vielleicht ersten Urlaub ohne Eltern zu einem sch\u00f6nen, fr\u00f6hlichen Erlebnis macht.<\/p>\n<p>Wir w\u00fcrden uns sehr freuen, wenn Ihr Kind beim n\u00e4chsten Sommercamp dabei ist! Die Anmeldeb\u00f6gen werden jeweils im Fr\u00fchjahr an unseren\u00a0<a href=\"https:\/\/sommerschule.org\/site\/sommercamp\/partnerschulen\/\">Partnerschulen<\/a> \u00fcber die Klassenlehrer verteilt. Bitten wenden Sie sich an den Verein Hamburger Sommerschule e.V. oder den Klassenlehrer Ihres Kindes, wenn Sie weitere Fragen zum Sommercamp haben.<\/p>\n","protected":false},"excerpt":{"rendered":"<p>&nbsp; Zwei wertvolle Wochen f\u00fcr Ihre Kinder Neue Freunde finden, die Natur entdecken, spielerisch Deutsch lernen und mit einem echten Zirkus trainieren &#8211; all das k\u00f6nnen Hamburger Grundsch\u00fcler im Sommer in unseren \u201eSommercamps&#8220; in Gl\u00fccksburg. Hier, in einem Schullandheim an der sch\u00f6nen Ostseek\u00fcste von Schleswig-Holstein, erwartet die Kinder in den gro\u00dfen Ferien eine F\u00fclle wertvoller&#8230;  <a href=\"https:\/\/sommerschule.org\/site\/sommercamp\/sommercamps\/\" title=\"Read Das Sommercamp\">Read more &raquo;<\/a><\/p>\n","protected":false},"author":1,"featured_media":0,"parent":12,"menu_order":0,"comment_status":"closed","ping_status":"closed","template":"","meta":{"footnotes":""},"class_list":["post-134","page","type-page","status-publish","hentry"],"_links":{"self":[{"href":"https:\/\/sommerschule.org\/site\/wp-json\/wp\/v2\/pages\/134","targetHints":{"allow":["GET"]}}],"collection":[{"href":"https:\/\/sommerschule.org\/site\/wp-json\/wp\/v2\/pages"}],"about":[{"href":"https:\/\/sommerschule.org\/site\/wp-json\/wp\/v2\/types\/page"}],"author":[{"embeddable":true,"href":"https:\/\/sommerschule.org\/site\/wp-json\/wp\/v2\/users\/1"}],"replies":[{"embeddable":true,"href":"https:\/\/sommerschule.org\/site\/wp-json\/wp\/v2\/comments?post=134"}],"version-history":[{"count":39,"href":"https:\/\/sommerschule.org\/site\/wp-json\/wp\/v2\/pages\/134\/revisions"}],"predecessor-version":[{"id":3283,"href":"https:\/\/sommerschule.org\/site\/wp-json\/wp\/v2\/pages\/134\/revisions\/3283"}],"up":[{"embeddable":true,"href":"https:\/\/sommerschule.org\/site\/wp-json\/wp\/v2\/pages\/12"}],"wp:attachment":[{"href":"https:\/\/sommerschule.org\/site\/wp-json\/wp\/v2\/media?parent=134"}],"curies":[{"name":"wp","href":"https:\/\/api.w.org\/{rel}","templated":true}]}}